{"id":20,"date":"2024-02-14T23:11:34","date_gmt":"2024-02-14T22:11:34","guid":{"rendered":"https:\/\/komornikbrzeg5.pl\/?page_id=20"},"modified":"2024-03-21T01:13:56","modified_gmt":"2024-03-21T00:13:56","slug":"komornik-sadowy-aleksandra-szyszkowska","status":"publish","type":"page","link":"https:\/\/komornikbrzeg5.pl\/","title":{"rendered":"Komornik S\u0105dowy Aleksandra Szyszkowska"},"content":{"rendered":"\t\t<div data-elementor-type=\"wp-page\" data-elementor-id=\"20\" class=\"elementor elementor-20\">\n\t\t\t\t<div class=\"elementor-element elementor-element-0417851 e-flex e-con-boxed e-con e-parent\" data-id=\"0417851\" data-element_type=\"container\" data-e-type=\"container\">\n\t\t\t\t\t<div class=\"e-con-inner\">\n\t\t\t\t<div class=\"elementor-element elementor-element-1da388e elementor-widget elementor-widget-quadmenu\" data-id=\"1da388e\" data-element_type=\"widget\" data-e-type=\"widget\" data-widget_type=\"quadmenu.default\">\n\t\t\t\t<div class=\"elementor-widget-container\">\n\t\t\t\t\t<nav id=\"quadmenu\" class=\"quadmenu-default_theme quadmenu-v3.3.2 quadmenu-align-left quadmenu-divider-hide quadmenu-carets-hide quadmenu-background-color quadmenu-mobile-shadow-show quadmenu-dropdown-shadow-show quadmenu-hover-ripple\" data-template=\"collapse\" data-theme=\"default_theme\" data-unwrap=\"0\" data-width=\"\" data-selector=\"\" data-breakpoint=\"768\" data-sticky=\"0\" data-sticky-offset=\"0\">\n\t<div class=\"quadmenu-container\">\n\t<div class=\"quadmenu-navbar-header\">\n\t\t<button type=\"button\" class=\"quadmenu-navbar-toggle collapsed\" data-quadmenu=\"collapse\" data-target=\"#quadmenu_0\" aria-expanded=\"false\" aria-controls=\"quadmenu\">\n\t<span class=\"icon-bar-container\">\n\t<span class=\"icon-bar icon-bar-top\"><\/span>\n\t<span class=\"icon-bar icon-bar-middle\"><\/span>\n\t<span class=\"icon-bar icon-bar-bottom\"><\/span>\n\t<\/span>\n<\/button>\t\t\t<\/div>\n\t<div id=\"quadmenu_0\" class=\"quadmenu-navbar-collapse collapse\">\n\t\t<ul class=\"quadmenu-navbar-nav\"><li id=\"menu-item-55\" class=\"quadmenu-item-55 quadmenu-item quadmenu-item-object-page quadmenu-item-home quadmenu-item-type-post_type quadmenu-item-type-post_type quadmenu-item-level-0 quadmenu-has-title quadmenu-has-link quadmenu-has-background quadmenu-dropdown-right\">\t\t\t\t<a  href=\"https:\/\/komornikbrzeg5.pl\/\">\n\t\t\t<span class=\"quadmenu-item-content\">\n\t\t\t\t\t\t\t\t\t\t\t\t\t\t\t\t\t<span class=\"quadmenu-text  hover t_1000\">Strona G\u0142\u00f3wna<\/span>\n\t\t\t\t\t\t\t\t\t\t\t\t\t\t\t\t\t<\/span>\n\t\t<\/a>\n\t\t\t\t<\/li><li id=\"menu-item-56\" class=\"quadmenu-item-56 quadmenu-item quadmenu-item-object-page quadmenu-item-type-post_type quadmenu-item-type-post_type quadmenu-item-level-0 quadmenu-has-title quadmenu-has-link quadmenu-has-background quadmenu-dropdown-right\">\t\t\t\t<a  href=\"https:\/\/komornikbrzeg5.pl\/?page_id=23\">\n\t\t\t<span class=\"quadmenu-item-content\">\n\t\t\t\t\t\t\t\t\t\t\t\t\t\t\t\t\t<span class=\"quadmenu-text  hover t_1000\">Rewir<\/span>\n\t\t\t\t\t\t\t\t\t\t\t\t\t\t\t\t\t<\/span>\n\t\t<\/a>\n\t\t\t\t<\/li><li id=\"menu-item-57\" class=\"quadmenu-item-57 quadmenu-item quadmenu-item-object-page quadmenu-item-type-post_type quadmenu-item-type-post_type quadmenu-item-level-0 quadmenu-has-title quadmenu-has-link quadmenu-has-background quadmenu-dropdown-right\">\t\t\t\t<a  href=\"https:\/\/komornikbrzeg5.pl\/?page_id=28\">\n\t\t\t<span class=\"quadmenu-item-content\">\n\t\t\t\t\t\t\t\t\t\t\t\t\t\t\t\t\t<span class=\"quadmenu-text  hover t_1000\">Rodo<\/span>\n\t\t\t\t\t\t\t\t\t\t\t\t\t\t\t\t\t<\/span>\n\t\t<\/a>\n\t\t\t\t<\/li><li id=\"menu-item-152\" class=\"quadmenu-item-152 quadmenu-item quadmenu-item-object-page quadmenu-item-type-post_type quadmenu-item-type-post_type quadmenu-item-level-0 quadmenu-has-title quadmenu-has-link quadmenu-has-background quadmenu-dropdown-right\">\t\t\t\t<a  href=\"https:\/\/komornikbrzeg5.pl\/?page_id=150\">\n\t\t\t<span class=\"quadmenu-item-content\">\n\t\t\t\t\t\t\t\t\t\t\t\t\t\t\t\t\t<span class=\"quadmenu-text  hover t_1000\">Pliki do pobrania<\/span>\n\t\t\t\t\t\t\t\t\t\t\t\t\t\t\t\t\t<\/span>\n\t\t<\/a>\n\t\t\t\t<\/li><\/ul>\t<\/div>\n\t<\/div>\n<\/nav>\t\t\t\t<\/div>\n\t\t\t\t<\/div>\n\t\t\t\t\t<\/div>\n\t\t\t\t<\/div>\n\t\t<div class=\"elementor-element elementor-element-ba6d818 e-flex e-con-boxed e-con e-parent\" data-id=\"ba6d818\" data-element_type=\"container\" data-e-type=\"container\">\n\t\t\t\t\t<div class=\"e-con-inner\">\n\t\t\t\t<div class=\"elementor-element elementor-element-e086b27 elementor-widget elementor-widget-text-editor\" data-id=\"e086b27\" data-element_type=\"widget\" data-e-type=\"widget\" data-widget_type=\"text-editor.default\">\n\t\t\t\t<div class=\"elementor-widget-container\">\n\t\t\t\t\t\t\t\t\t<p align=\"JUSTIFY\"><span style=\"font-family: Times New Roman, serif;\"><span style=\"font-size: medium;\"><span style=\"font-size: large;\">&nbsp; &nbsp; Witam na stronie Komornika S\u0105dowego przy S\u0105dzie Rejonowym w Brzegu Aleksandry Szyszkowskiej. Niniejsza strona ma charakter informacyjny i zosta\u0142a stworzona, aby umo\u017cliwi\u0107 Pa\u0144stwu skuteczne przeprowadzenie post\u0119powania egzekucyjnego, b\u0105d\u017a innego post\u0119powania prowadzonego przez komornika s\u0105dowego na podstawie obowi\u0105zuj\u0105cych przepis\u00f3w. <br>&nbsp; &nbsp; Jestem absolwentem Wydzia\u0142u Prawa Uniwersytetu Wroc\u0142awskiego, uko\u0144czy\u0142am aplikacj\u0119 komornicz\u0105 przy Izbie Komorniczej we Wroc\u0142awiu. Przez wiele lat pracowa\u0142am jako asesor w jednej z najbardziej do\u015bwiadczonych kancelarii komorniczych we Wroc\u0142awiu.<\/span><\/span><\/span><\/p>\n<p align=\"JUSTIFY\"><span style=\"font-family: Times New Roman, serif;\"><span style=\"font-size: medium;\"><span style=\"font-size: large;\"><br>&nbsp; &nbsp;Moja praca opiera si\u0119 na podejmowaniu dzia\u0142a\u0144 umo\u017cliwiaj\u0105cych sprawne poszukiwanie maj\u0105tku d\u0142u\u017cnika. Szczeg\u00f3lny nacisk k\u0142ad\u0119 na prac\u0119 w terenie oraz informatyzacj\u0119 kancelarii.<\/span><\/span><\/span><\/p>\n<p align=\"JUSTIFY\"><span style=\"font-family: Times New Roman, serif;\"><span style=\"font-size: medium;\"><span style=\"font-size: large;\"><br>Posiadam dost\u0119p do wszystkich niezb\u0119dnych system\u00f3w elektronicznych usprawniaj\u0105cych proces egzekucyjny w tym m.in. :<\/span><\/span><\/span><\/p>\n<p align=\"JUSTIFY\">&nbsp;<span style=\"font-family: Times New Roman, serif;\"><span style=\"font-size: medium;\"><span style=\"font-size: large;\">e-S\u0105d EPU&nbsp;&#8211; elektroniczne post\u0119powanie upominawcze<\/span><\/span><\/span><\/p>\n<p align=\"JUSTIFY\">&nbsp;<span style=\"font-family: Times New Roman, serif;\"><span style=\"font-size: medium;\"><span style=\"font-size: large;\">CEPIK&nbsp;&#8211; System Informatyczny Centralnej&nbsp;Ewidencji&nbsp;Pojazd\u00f3w i Kierowc\u00f3w<\/span><\/span><\/span><\/p>\n<p align=\"JUSTIFY\">&nbsp;<span style=\"font-family: Times New Roman, serif;\"><span style=\"font-size: medium;\"><span style=\"font-size: large;\">OGNIVO&nbsp;&#8211; system s\u0142u\u017c\u0105cy do poszukiwania rachunk\u00f3w bankowych d\u0142u\u017cnik\u00f3w<\/span><\/span><\/span><\/p>\n<p align=\"JUSTIFY\">&nbsp;<span style=\"font-family: Times New Roman, serif;\"><span style=\"font-size: medium;\"><span style=\"font-size: large;\">PUE ZUS&nbsp;&#8211; Platforma Us\u0142ug Elektronicznych Zak\u0142adu Ubezpiecze\u0144 Spo\u0142ecznych<\/span><\/span><\/span><\/p>\n<p align=\"JUSTIFY\">&nbsp;<span style=\"font-family: Times New Roman, serif;\"><span style=\"font-size: medium;\"><span style=\"font-size: large;\">Elektroniczne Ksi\u0119gi Wieczyste&nbsp;&#8211; system s\u0142u\u017c\u0105cy do ustalenia i zaj\u0119\u0107 nieruchomo\u015bci d\u0142u\u017cnik\u00f3w<\/span><\/span><\/span><\/p>\n<p align=\"JUSTIFY\">&nbsp;<span style=\"font-family: Times New Roman, serif;\"><span style=\"font-size: medium;\"><span style=\"font-size: large;\">ePuap&nbsp;&#8211; elektroniczna platforma us\u0142ug administracji publicznej<\/span><\/span><\/span><\/p>\n<p align=\"JUSTIFY\">&nbsp;<span style=\"font-family: Times New Roman, serif;\"><span style=\"font-size: medium;\"><span style=\"font-size: large;\">CEIDG&nbsp;&#8211; umo\u017cliwiaj\u0105cych bezpo\u015bredni dost\u0119p do &nbsp;danych znajduj\u0105cych si\u0119 w rejestrze podmiot\u00f3w prowadz\u0105cych dzia\u0142alno\u015b\u0107 gospodarcz\u0105<\/span><\/span><\/span><\/p>\n<p align=\"JUSTIFY\"><span style=\"font-family: Times New Roman, serif;\"><span style=\"font-size: medium;\"><span style=\"font-size: large;\"><br>W celu uzyskania dodatkowych informacji zapraszam do kontaktu.<\/span><\/span><\/span><\/p>\n<p align=\"JUSTIFY\">\n<\/p><p align=\"JUSTIFY\"><span style=\"font-family: Times New Roman, serif;\"><span style=\"font-size: medium;\"><span style=\"font-size: large;\"><i>Komornik S\u0105dowy Aleksandra Szyszkowska<\/i><\/span><\/span><\/span><\/p>\t\t\t\t\t\t\t\t<\/div>\n\t\t\t\t<\/div>\n\t\t\t\t\t<\/div>\n\t\t\t\t<\/div>\n\t\t\t\t<\/div>\n\t\t","protected":false},"excerpt":{"rendered":"<p>&nbsp; &nbsp; Witam na stronie Komornika S\u0105dowego przy S\u0105dzie Rejonowym w Brzegu Aleksandry Szyszkowskiej. Niniejsza strona ma charakter informacyjny i [&hellip;]<\/p>\n","protected":false},"author":1,"featured_media":0,"parent":0,"menu_order":0,"comment_status":"closed","ping_status":"closed","template":"","meta":{"om_disable_all_campaigns":false,"_monsterinsights_skip_tracking":false,"_monsterinsights_sitenote_active":false,"_monsterinsights_sitenote_note":"","_monsterinsights_sitenote_category":0,"_uf_show_specific_survey":0,"_uf_disable_surveys":false,"site-sidebar-layout":"no-sidebar","site-content-layout":"","ast-site-content-layout":"full-width-container","site-content-style":"default","site-sidebar-style":"default","ast-global-header-display":"","ast-banner-title-visibility":"","ast-main-header-display":"","ast-hfb-above-header-display":"","ast-hfb-below-header-display":"","ast-hfb-mobile-header-display":"","site-post-title":"disabled","ast-breadcrumbs-content":"","ast-featured-img":"disabled","footer-sml-layout":"","ast-disable-related-posts":"","theme-transparent-header-meta":"","adv-header-id-meta":"","stick-header-meta":"","header-above-stick-meta":"","header-main-stick-meta":"","header-below-stick-meta":"","astra-migrate-meta-layouts":"default","ast-page-background-enabled":"default","ast-page-background-meta":{"desktop":{"background-color":"var(--ast-global-color-4)","background-image":"","background-repeat":"repeat","background-position":"center center","background-size":"auto","background-attachment":"scroll","background-type":"","background-media":"","overlay-type":"","overlay-color":"","overlay-opacity":"","overlay-gradient":""},"tablet":{"background-color":"","background-image":"","background-repeat":"repeat","background-position":"center center","background-size":"auto","background-attachment":"scroll","background-type":"","background-media":"","overlay-type":"","overlay-color":"","overlay-opacity":"","overlay-gradient":""},"mobile":{"background-color":"","background-image":"","background-repeat":"repeat","background-position":"center center","background-size":"auto","background-attachment":"scroll","background-type":"","background-media":"","overlay-type":"","overlay-color":"","overlay-opacity":"","overlay-gradient":""}},"ast-content-background-meta":{"desktop":{"background-color":"var(--ast-global-color-5)","background-image":"","background-repeat":"repeat","background-position":"center center","background-size":"auto","background-attachment":"scroll","background-type":"","background-media":"","overlay-type":"","overlay-color":"","overlay-opacity":"","overlay-gradient":""},"tablet":{"background-color":"var(--ast-global-color-5)","background-image":"","background-repeat":"repeat","background-position":"center center","background-size":"auto","background-attachment":"scroll","background-type":"","background-media":"","overlay-type":"","overlay-color":"","overlay-opacity":"","overlay-gradient":""},"mobile":{"background-color":"var(--ast-global-color-5)","background-image":"","background-repeat":"repeat","background-position":"center center","background-size":"auto","background-attachment":"scroll","background-type":"","background-media":"","overlay-type":"","overlay-color":"","overlay-opacity":"","overlay-gradient":""}},"footnotes":""},"class_list":["post-20","page","type-page","status-publish","hentry"],"aioseo_notices":[],"_links":{"self":[{"href":"https:\/\/komornikbrzeg5.pl\/index.php?rest_route=\/wp\/v2\/pages\/20","targetHints":{"allow":["GET"]}}],"collection":[{"href":"https:\/\/komornikbrzeg5.pl\/index.php?rest_route=\/wp\/v2\/pages"}],"about":[{"href":"https:\/\/komornikbrzeg5.pl\/index.php?rest_route=\/wp\/v2\/types\/page"}],"author":[{"embeddable":true,"href":"https:\/\/komornikbrzeg5.pl\/index.php?rest_route=\/wp\/v2\/users\/1"}],"replies":[{"embeddable":true,"href":"https:\/\/komornikbrzeg5.pl\/index.php?rest_route=%2Fwp%2Fv2%2Fcomments&post=20"}],"version-history":[{"count":0,"href":"https:\/\/komornikbrzeg5.pl\/index.php?rest_route=\/wp\/v2\/pages\/20\/revisions"}],"wp:attachment":[{"href":"https:\/\/komornikbrzeg5.pl\/index.php?rest_route=%2Fwp%2Fv2%2Fmedia&parent=20"}],"curies":[{"name":"wp","href":"https:\/\/api.w.org\/{rel}","templated":true}]}}