{"id":28,"date":"2024-02-14T23:13:57","date_gmt":"2024-02-14T22:13:57","guid":{"rendered":"https:\/\/komornikbrzeg5.pl\/?page_id=28"},"modified":"2024-03-21T01:00:39","modified_gmt":"2024-03-21T00:00:39","slug":"rodo","status":"publish","type":"page","link":"https:\/\/komornikbrzeg5.pl\/?page_id=28","title":{"rendered":"Rodo"},"content":{"rendered":"\t\t<div data-elementor-type=\"wp-page\" data-elementor-id=\"28\" class=\"elementor elementor-28\">\n\t\t\t\t<div class=\"elementor-element elementor-element-4ee2f36 e-flex e-con-boxed e-con e-parent\" data-id=\"4ee2f36\" data-element_type=\"container\" data-e-type=\"container\">\n\t\t\t\t\t<div class=\"e-con-inner\">\n\t\t\t\t<div class=\"elementor-element elementor-element-f51bb17 elementor-widget elementor-widget-quadmenu\" data-id=\"f51bb17\" data-element_type=\"widget\" data-e-type=\"widget\" data-widget_type=\"quadmenu.default\">\n\t\t\t\t<div class=\"elementor-widget-container\">\n\t\t\t\t\t<nav id=\"quadmenu\" class=\"quadmenu-default_theme quadmenu-v3.3.2 quadmenu-align-left quadmenu-divider-hide quadmenu-carets-hide quadmenu-background-color quadmenu-mobile-shadow-show quadmenu-dropdown-shadow-show quadmenu-hover-ripple\" data-template=\"collapse\" data-theme=\"default_theme\" data-unwrap=\"0\" data-width=\"\" data-selector=\"\" data-breakpoint=\"768\" data-sticky=\"0\" data-sticky-offset=\"0\">\n\t<div class=\"quadmenu-container\">\n\t<div class=\"quadmenu-navbar-header\">\n\t\t<button type=\"button\" class=\"quadmenu-navbar-toggle collapsed\" data-quadmenu=\"collapse\" data-target=\"#quadmenu_0\" aria-expanded=\"false\" aria-controls=\"quadmenu\">\n\t<span class=\"icon-bar-container\">\n\t<span class=\"icon-bar icon-bar-top\"><\/span>\n\t<span class=\"icon-bar icon-bar-middle\"><\/span>\n\t<span class=\"icon-bar icon-bar-bottom\"><\/span>\n\t<\/span>\n<\/button>\t\t\t<\/div>\n\t<div id=\"quadmenu_0\" class=\"quadmenu-navbar-collapse collapse\">\n\t\t<ul class=\"quadmenu-navbar-nav\"><li id=\"menu-item-55\" class=\"quadmenu-item-55 quadmenu-item quadmenu-item-object-page quadmenu-item-home quadmenu-item-type-post_type quadmenu-item-type-post_type quadmenu-item-level-0 quadmenu-has-title quadmenu-has-link quadmenu-has-background quadmenu-dropdown-right\">\t\t\t\t<a  href=\"https:\/\/komornikbrzeg5.pl\/\">\n\t\t\t<span class=\"quadmenu-item-content\">\n\t\t\t\t\t\t\t\t\t\t\t\t\t\t\t\t\t<span class=\"quadmenu-text  hover t_1000\">Strona G\u0142\u00f3wna<\/span>\n\t\t\t\t\t\t\t\t\t\t\t\t\t\t\t\t\t<\/span>\n\t\t<\/a>\n\t\t\t\t<\/li><li id=\"menu-item-56\" class=\"quadmenu-item-56 quadmenu-item quadmenu-item-object-page quadmenu-item-type-post_type quadmenu-item-type-post_type quadmenu-item-level-0 quadmenu-has-title quadmenu-has-link quadmenu-has-background quadmenu-dropdown-right\">\t\t\t\t<a  href=\"https:\/\/komornikbrzeg5.pl\/?page_id=23\">\n\t\t\t<span class=\"quadmenu-item-content\">\n\t\t\t\t\t\t\t\t\t\t\t\t\t\t\t\t\t<span class=\"quadmenu-text  hover t_1000\">Rewir<\/span>\n\t\t\t\t\t\t\t\t\t\t\t\t\t\t\t\t\t<\/span>\n\t\t<\/a>\n\t\t\t\t<\/li><li id=\"menu-item-57\" class=\"quadmenu-item-57 quadmenu-item quadmenu-item-object-page quadmenu-item-type-post_type quadmenu-item-type-post_type quadmenu-item-level-0 quadmenu-has-title quadmenu-has-link quadmenu-has-background quadmenu-dropdown-right\">\t\t\t\t<a  href=\"https:\/\/komornikbrzeg5.pl\/?page_id=28\">\n\t\t\t<span class=\"quadmenu-item-content\">\n\t\t\t\t\t\t\t\t\t\t\t\t\t\t\t\t\t<span class=\"quadmenu-text  hover t_1000\">Rodo<\/span>\n\t\t\t\t\t\t\t\t\t\t\t\t\t\t\t\t\t<\/span>\n\t\t<\/a>\n\t\t\t\t<\/li><li id=\"menu-item-152\" class=\"quadmenu-item-152 quadmenu-item quadmenu-item-object-page quadmenu-item-type-post_type quadmenu-item-type-post_type quadmenu-item-level-0 quadmenu-has-title quadmenu-has-link quadmenu-has-background quadmenu-dropdown-right\">\t\t\t\t<a  href=\"https:\/\/komornikbrzeg5.pl\/?page_id=150\">\n\t\t\t<span class=\"quadmenu-item-content\">\n\t\t\t\t\t\t\t\t\t\t\t\t\t\t\t\t\t<span class=\"quadmenu-text  hover t_1000\">Pliki do pobrania<\/span>\n\t\t\t\t\t\t\t\t\t\t\t\t\t\t\t\t\t<\/span>\n\t\t<\/a>\n\t\t\t\t<\/li><\/ul>\t<\/div>\n\t<\/div>\n<\/nav>\t\t\t\t<\/div>\n\t\t\t\t<\/div>\n\t\t\t\t\t<\/div>\n\t\t\t\t<\/div>\n\t\t<div class=\"elementor-element elementor-element-52efa98 e-flex e-con-boxed e-con e-parent\" data-id=\"52efa98\" data-element_type=\"container\" data-e-type=\"container\">\n\t\t\t\t\t<div class=\"e-con-inner\">\n\t\t\t\t<div class=\"elementor-element elementor-element-a097be2 elementor-widget elementor-widget-heading\" data-id=\"a097be2\" data-element_type=\"widget\" data-e-type=\"widget\" data-widget_type=\"heading.default\">\n\t\t\t\t<div class=\"elementor-widget-container\">\n\t\t\t\t\t<h2 class=\"elementor-heading-title elementor-size-default\">Polityka RODO<\/h2>\t\t\t\t<\/div>\n\t\t\t\t<\/div>\n\t\t\t\t\t<\/div>\n\t\t\t\t<\/div>\n\t\t<div class=\"elementor-element elementor-element-6759dc2 e-flex e-con-boxed e-con e-parent\" data-id=\"6759dc2\" data-element_type=\"container\" data-e-type=\"container\">\n\t\t\t\t\t<div class=\"e-con-inner\">\n\t\t\t\t<div class=\"elementor-element elementor-element-5579bf5 elementor-widget elementor-widget-text-editor\" data-id=\"5579bf5\" data-element_type=\"widget\" data-e-type=\"widget\" data-widget_type=\"text-editor.default\">\n\t\t\t\t<div class=\"elementor-widget-container\">\n\t\t\t\t\t\t\t\t\t<p align=\"left\"><span style=\"font-family: 'Liberation Serif', serif; color: #000000;\"><span style=\"font-size: medium;\"><b>W<\/b><b>ykonywania czynno\u015bci w post\u0119powaniu egzekucyjnym i zabezpieczaj\u0105cym<\/b><\/span><\/span><\/p>\n<p align=\"justify\"><span style=\"font-family: 'Liberation Serif', serif; color: #000000;\"><span style=\"font-size: medium;\">Na podstawie art. 13 ust. 1 i 2 rozporz\u0105dzenia Parlamentu Europejskiego i Rady (UE) 2016\/679 z 27 kwietnia 2016r. W sprawie ochrony os\u00f3b fizycznych w zwi\u0105zku z przetwarzaniem danych osobowych i w sprawie swobodnego przep\u0142ywu takich danych oraz uchylenia dyrektywy 95\/46\/WE (og\u00f3lne rozporz\u0105dzenie o ochronie danych osobowych) dalej \u2013 RODO, Komornik S\u0105dowy przy S\u0105dzie Rejonowym w Brzegu Aleksandra Szyszkowska Kancelaria Komornicza nr V w Brzegu informuj\u0119:<\/span><\/span><\/p>\n<p align=\"left\"><span style=\"font-family: 'Liberation Serif', serif; color: #000000;\"><span style=\"font-size: medium;\"><b>I. To\u017csamo\u015b\u0107 oraz dane kontaktowe Administratora Danych Osobowych (art. 13 pkt 1 lit. a)<\/b><\/span><\/span><\/p>\n<p align=\"justify\"><span style=\"font-family: 'Liberation Serif', serif; color: #000000;\"><span style=\"font-size: medium;\">Administratorem danych osobowych jest Komornik S\u0105dowy przy S\u0105dzie Rejonowym w Brzegu Aleksandra Szyszkowska Kancelaria Komornicza nr V w Brzegu z siedzib\u0105 <\/span>przy ul. Starobrzeskiej 10a\/1; 49-305 Brzeg tel. +48 774 157 504, tel. kom. 690 533 875. <\/span><\/p>\n<p align=\"left\"><span style=\"font-family: 'Liberation Serif', serif; color: #000000;\"><span style=\"font-size: medium;\"><b>II. Dane kontaktowe Inspektora Ochrony Danych (art. 13 pkt 1 lit. b)<\/b><\/span><\/span><\/p>\n<p align=\"justify\"><span style=\"font-family: 'Liberation Serif', serif; color: #000000;\"><span style=\"font-size: medium;\">Administrator wyznaczy\u0142 Inspektora Ochrony Danych, kt\u00f3rym jest Pan <\/span><i><b>Roman Kwiecin\u0301ski<\/b><\/i><span style=\"font-size: medium;\">. Z Inspektorem Ochrony Danych mo\u017cna si\u0119 skontaktowa\u0107 w sprawach zwi\u0105zanych z przetwarzaniem danych osobowych pisemnie na adres siedziby kancelarii: <\/span><span style=\"font-size: medium;\"><i><b>Komornik S\u0105dowy przy S\u0105dzie Rejonowym w Brzegu Kancelaria Komornicza nr V w Brzegu z siedzib\u0105 <\/b><\/i><\/span><span style=\"font-size: medium;\"><i><b>przy ul. Starobrzeskiej 10a\/1; 49-305 Brzeg<\/b><\/i><\/span><span style=\"font-size: medium;\"><i>&nbsp;lub\/oraz poprzez adres e-mail <\/i><\/span><span style=\"font-size: medium;\"><i><b>iod.brzeg.006@komornik.pl<\/b><\/i><\/span><span style=\"font-size: medium;\"> .<\/span><\/span><\/p>\n<p align=\"left\"><span style=\"font-family: 'Liberation Serif', serif; color: #000000;\"><span style=\"font-size: medium;\"><b>III. Cel i podstawa prawna przetwarzania danych osobowych (art. 13 pkt 1 lit. c)<\/b><\/span><\/span><\/p>\n<p align=\"justify\"><span style=\"font-family: 'Liberation Serif', serif; color: #000000;\"><span style=\"font-size: medium;\">Pani\/Pana dane osobowe przetwarzane s\u0105 w celu prowadzenia post\u0119powania egzekucyjnego, zabezpieczaj\u0105cego oraz innych czynno\u015bci, kt\u00f3rych wykonanie jest obowi\u0105zkiem prawnie ci\u0105\u017c\u0105cym na administratorze (art. 6 ust. 1 lit. c RODO) wynikaj\u0105cym z art. 3 ustawy z dnia 22 marca 2018 r. o komornikach s\u0105dowych (Dz. U. z 2018 r. poz. 771).<\/span><\/span><\/p>\n<p align=\"justify\"><span style=\"font-family: 'Liberation Serif', serif; color: #000000;\"><span style=\"font-size: medium;\"><b>IV. Odbiorcy danych lub kategorie odbiorc\u00f3w danych (art. 13 pkt. 1 lit. e)<\/b><\/span><\/span><\/p>\n<p align=\"justify\"><span style=\"font-family: 'Liberation Serif', serif; color: #000000;\"><span style=\"font-size: medium;\">Zgodnie z w\u0142a\u015bciwymi przepisami prawa i w celu wykonania obowi\u0105zk\u00f3w przez nie na\u0142o\u017conych komornik przekazuje Pani\/Pana dane osobowe w toku post\u0119powania egzekucyjnego stronom oraz uczestnikom post\u0119powania, urz\u0119dom lub\/oraz instytucj\u0105, a tak\u017ce innym podmiotom, je\u017celi jest to wymagane przepisami prawa.<\/span><\/span><\/p>\n<p align=\"left\"><span style=\"font-family: 'Liberation Serif', serif; color: #000000;\"><span style=\"font-size: medium;\"><b>V. Przekazanie danych osobowych poza EOG (art. 13 pkt. 1 lit. f)<\/b><\/span><\/span><\/p>\n<p align=\"left\"><span style=\"font-family: 'Liberation Serif', serif; color: #000000;\"><span style=\"font-size: medium;\">Dane osobowe nie s\u0105\u0328 przesy\u0142ane poza obszar Europejski Obszar Gospodarczy.<\/span><\/span><\/p>\n<p align=\"left\"><span style=\"font-family: 'Liberation Serif', serif; color: #000000;\"><span style=\"font-size: medium;\"><b>VI. Okres, przez kt\u00f3ry b\u0119d\u0105 przetwarzane dane osobowe (art. 13 pkt 2 lit. a)<\/b><\/span><\/span><\/p>\n<p align=\"justify\"><span style=\"font-family: 'Liberation Serif', serif; color: #000000;\"><span style=\"font-size: medium;\">Dane s\u0105 przechowywane przez okres wynikaj\u0105cy z przepis\u00f3w rozporz\u0105dzenia ministra sprawiedliwo\u015bci z dnia 14 grudnia 2018 r. w sprawie przechowywania i niszczenia akt spraw komorniczych oraz zamkni\u0119tych urz\u0105dze\u0144 ewidencyjnych.<\/span><\/span><\/p>\n<p align=\"left\"><span style=\"font-family: 'Liberation Serif', serif; color: #000000;\"><span style=\"font-size: medium;\"><b>VII. Prawa podmiotu (art. 13 pkt 2 lit. b)<\/b><\/span><\/span><\/p>\n<p align=\"justify\"><span style=\"font-family: 'Liberation Serif', serif; color: #000000;\"><span style=\"font-size: medium;\">Osobom, kt\u00f3rych dane osobowe s\u0105 przetwarzane w sprawach dotycz\u0105cych wykonywania czynno\u015bci w post\u0119powaniu egzekucyjnym i zabezpieczaj\u0105cych oraz innych ustawowych zada\u0144 komornika nie przys\u0142uguje prawo do usuni\u0119cia danych, sprzeciwu i przeniesienia danych. Prawo dost\u0119pu do danych osobowych realizowane jest na podstawie zasad okre\u015blonych w art. 9 ustawy z dnia 17 listopada 1964 r. \u2013 Kodeks post\u0119powania cywilnego, zwanej dalej \u201ek.p.c.\u201d. Sprostowanie danych osobowych oraz prawo do ograniczenia przetwarzania realizowane jest wy\u0142\u0105cznie na podstawie i w <\/span><\/span><span style=\"font-family: 'Liberation Serif', serif; color: #000000;\"><span style=\"font-size: medium;\">zakresie okre\u015blonym w k.p.c. <\/span><\/span><span style=\"font-family: 'Liberation Serif', serif; color: #000000;\"><span style=\"font-size: medium;\">W przypadku pozyskiwania danych osobowych nie od osoby, kt\u00f3rej dane dotycz\u0105, Komornikowi S\u0105dowemu przys\u0142uguj\u0119 wy\u0142\u0105czenie od zobowi\u0105zania przekazania informacji wynikaj\u0105cych z art. 14 RODO osobie, kt\u00f3rej dane pozyska\u0142 w inny spos\u00f3b ni\u017c od tej osoby.<\/span><\/span><\/p>\n<p align=\"left\"><span style=\"font-family: 'Liberation Serif', serif; color: #000000;\"><span style=\"font-size: medium;\"><b>VIII. Skarga w zwi\u0105zku z przetwarzaniem danych osobowych (art. 13 pkt 2 lit. d)<\/b><\/span><\/span><\/p>\n<p align=\"justify\"><span style=\"font-family: 'Liberation Serif', serif; color: #000000;\"><span style=\"font-size: medium;\">Je\u017celi przetwarzanie danych osobowych w trakcie prowadzenia post\u0119powania egzekucyjnego przez komornika s\u0105dowego narusza przepisy prawa, przys\u0142uguje Panu\/Pani prawo do zwr\u00f3cenia si\u0119 ze skarg\u0105 do Prezesa UODO z wy\u0142\u0105czeniem spraw w zakresie kt\u00f3rych na czynno\u015bci podejmowane przez komornika s\u0105dowego przys\u0142uguje skarga w rygorze art. 767 k.p.c. \u2013 w tym przypadku adresatem skargi powinien by\u0107 s\u0105d rejonowy w\u0142a\u015bciwy ze wzgl\u0119du na siedzib\u0119 kancelarii komornika.<\/span><\/span><\/p>\n<p align=\"left\"><span style=\"font-family: 'Liberation Serif', serif; color: #000000;\"><span style=\"font-size: medium;\"><b>IX. Informacja o obowi\u0105zku podania danych (art. 13 pkt 2 lit. e)<\/b><\/span><\/span><\/p>\n<p align=\"justify\"><span style=\"font-family: 'Liberation Serif', serif; color: #000000;\"><span style=\"font-size: medium;\">Podanie danych osobowych jest obowi\u0105zkowe. Wynika to ze wskazanych powy\u017cej podstaw prawnych oraz jest niezb\u0119dne do realizacji ustawowych zada\u0144 Komornika S\u0105dowego.<\/span><\/span><\/p>\n<p align=\"left\"><span style=\"font-family: 'Liberation Serif', serif; color: #000000;\"><span style=\"font-size: medium;\"><b>X. Przetwarzanie danych osobowych w spos\u00f3b zautomatyzowany (art. 13 pkt 2 lit. f)<\/b><\/span><\/span><\/p>\n<p align=\"justify\"><span style=\"font-family: 'Liberation Serif', serif; color: #000000;\"><span style=\"font-size: medium;\">Dane osobowe stron oraz uczestnik\u00f3w post\u0119powania egzekucyjnego nie s\u0105 przetwarzane w spos\u00f3b zautomatyzowany.<\/span><\/span><\/p>\t\t\t\t\t\t\t\t<\/div>\n\t\t\t\t<\/div>\n\t\t\t\t\t<\/div>\n\t\t\t\t<\/div>\n\t\t\t\t<\/div>\n\t\t","protected":false},"excerpt":{"rendered":"<p>Polityka RODO Wykonywania czynno\u015bci w post\u0119powaniu egzekucyjnym i zabezpieczaj\u0105cym Na podstawie art. 13 ust. 1 i 2 rozporz\u0105dzenia Parlamentu Europejskiego [&hellip;]<\/p>\n","protected":false},"author":1,"featured_media":0,"parent":0,"menu_order":0,"comment_status":"closed","ping_status":"closed","template":"","meta":{"om_disable_all_campaigns":false,"_monsterinsights_skip_tracking":false,"_monsterinsights_sitenote_active":false,"_monsterinsights_sitenote_note":"","_monsterinsights_sitenote_category":0,"_uf_show_specific_survey":0,"_uf_disable_surveys":false,"site-sidebar-layout":"no-sidebar","site-content-layout":"","ast-site-content-layout":"full-width-container","site-content-style":"default","site-sidebar-style":"default","ast-global-header-display":"","ast-banner-title-visibility":"","ast-main-header-display":"","ast-hfb-above-header-display":"","ast-hfb-below-header-display":"","ast-hfb-mobile-header-display":"","site-post-title":"disabled","ast-breadcrumbs-content":"","ast-featured-img":"disabled","footer-sml-layout":"","ast-disable-related-posts":"","theme-transparent-header-meta":"","adv-header-id-meta":"","stick-header-meta":"","header-above-stick-meta":"","header-main-stick-meta":"","header-below-stick-meta":"","astra-migrate-meta-layouts":"default","ast-page-background-enabled":"default","ast-page-background-meta":{"desktop":{"background-color":"var(--ast-global-color-4)","background-image":"","background-repeat":"repeat","background-position":"center center","background-size":"auto","background-attachment":"scroll","background-type":"","background-media":"","overlay-type":"","overlay-color":"","overlay-opacity":"","overlay-gradient":""},"tablet":{"background-color":"","background-image":"","background-repeat":"repeat","background-position":"center center","background-size":"auto","background-attachment":"scroll","background-type":"","background-media":"","overlay-type":"","overlay-color":"","overlay-opacity":"","overlay-gradient":""},"mobile":{"background-color":"","background-image":"","background-repeat":"repeat","background-position":"center center","background-size":"auto","background-attachment":"scroll","background-type":"","background-media":"","overlay-type":"","overlay-color":"","overlay-opacity":"","overlay-gradient":""}},"ast-content-background-meta":{"desktop":{"background-color":"var(--ast-global-color-5)","background-image":"","background-repeat":"repeat","background-position":"center center","background-size":"auto","background-attachment":"scroll","background-type":"","background-media":"","overlay-type":"","overlay-color":"","overlay-opacity":"","overlay-gradient":""},"tablet":{"background-color":"var(--ast-global-color-5)","background-image":"","background-repeat":"repeat","background-position":"center center","background-size":"auto","background-attachment":"scroll","background-type":"","background-media":"","overlay-type":"","overlay-color":"","overlay-opacity":"","overlay-gradient":""},"mobile":{"background-color":"var(--ast-global-color-5)","background-image":"","background-repeat":"repeat","background-position":"center center","background-size":"auto","background-attachment":"scroll","background-type":"","background-media":"","overlay-type":"","overlay-color":"","overlay-opacity":"","overlay-gradient":""}},"footnotes":""},"class_list":["post-28","page","type-page","status-publish","hentry"],"aioseo_notices":[],"_links":{"self":[{"href":"https:\/\/komornikbrzeg5.pl\/index.php?rest_route=\/wp\/v2\/pages\/28","targetHints":{"allow":["GET"]}}],"collection":[{"href":"https:\/\/komornikbrzeg5.pl\/index.php?rest_route=\/wp\/v2\/pages"}],"about":[{"href":"https:\/\/komornikbrzeg5.pl\/index.php?rest_route=\/wp\/v2\/types\/page"}],"author":[{"embeddable":true,"href":"https:\/\/komornikbrzeg5.pl\/index.php?rest_route=\/wp\/v2\/users\/1"}],"replies":[{"embeddable":true,"href":"https:\/\/komornikbrzeg5.pl\/index.php?rest_route=%2Fwp%2Fv2%2Fcomments&post=28"}],"version-history":[{"count":0,"href":"https:\/\/komornikbrzeg5.pl\/index.php?rest_route=\/wp\/v2\/pages\/28\/revisions"}],"wp:attachment":[{"href":"https:\/\/komornikbrzeg5.pl\/index.php?rest_route=%2Fwp%2Fv2%2Fmedia&parent=28"}],"curies":[{"name":"wp","href":"https:\/\/api.w.org\/{rel}","templated":true}]}}